{"id":15972,"date":"2020-11-06T13:58:23","date_gmt":"2020-11-06T12:58:23","guid":{"rendered":"https:\/\/www.mitchell-investment.com\/ueber-uns\/"},"modified":"2021-12-03T13:49:59","modified_gmt":"2021-12-03T12:49:59","slug":"ueber-uns","status":"publish","type":"page","link":"https:\/\/www.mitchell-investment.com\/de\/ueber-uns\/","title":{"rendered":"\u00dcber uns"},"content":{"rendered":"<section class=\"wpb-content-wrapper\"><p>[vc_row type=&#8220;full_width_section&#8220;][vc_column width=&#8220;1\/1&#8243;][rev_slider_vc alias=&#8220;about-us&#8220;][\/vc_column][\/vc_row][vc_row top_padding=&#8220;80&#8243;][vc_column column_center=&#8220;true&#8220; width=&#8220;1\/2&#8243;][vc_column_text]<\/p>\n<h1>Ihr Wunsch ist unsere Priorit\u00e4t<\/h1>\n<p>[\/vc_column_text][vc_column_text]Letztendlich ist es unser Ziel, Ihre Gewinne zu maximieren und Ihren Kauf zu \u00fcberwachen. Gleichzeitig stellen wir sicher, dass Ihre Investition Ihnen so viel Geld wie m\u00f6glich einbringt.[\/vc_column_text][\/vc_column][vc_column column_center=&#8220;true&#8220; width=&#8220;1\/2&#8243;][\/vc_column][\/vc_row][vc_row top_padding=&#8220;40&#8243; bottom_padding=&#8220;100&#8243;][vc_column column_center=&#8220;true&#8220; width=&#8220;1\/2&#8243;]<div class=\"single_image wpb_content_element align-left    \" data-animation=\"none\" data-delay=\"0\"><img loading=\"lazy\" decoding=\"async\" width=\"750\" height=\"500\" src=\"https:\/\/www.mitchell-investment.com\/wp-content\/uploads\/2020\/11\/UnserTeam_MitchellConsulting_RealEstates_Financing_PropertyManagement.jpg\" class=\"attachment-full\" alt=\"\" title=\"UnserTeam_MitchellConsulting_RealEstates_Financing_PropertyManagement\" srcset=\"https:\/\/www.mitchell-investment.com\/wp-content\/uploads\/2020\/11\/UnserTeam_MitchellConsulting_RealEstates_Financing_PropertyManagement.jpg 750w, https:\/\/www.mitchell-investment.com\/wp-content\/uploads\/2020\/11\/UnserTeam_MitchellConsulting_RealEstates_Financing_PropertyManagement-300x200.jpg 300w, https:\/\/www.mitchell-investment.com\/wp-content\/uploads\/2020\/11\/UnserTeam_MitchellConsulting_RealEstates_Financing_PropertyManagement-600x400.jpg 600w\" sizes=\"auto, (max-width: 750px) 100vw, 750px\" \/><\/div>[\/vc_column][vc_column width=&#8220;1\/2&#8243;][vc_column_text]Mitchell Consulting wurde mit einem Ziel gegr\u00fcndet: Die Mitarbeiter des Amerikanischen Milit\u00e4rs sowie die Zivilisten im Raum Kaiserslautern beim Kauf, beim Bau, bei der Finanzierung, bei der Verwaltung und beim Verkauf von Eigenheimen zu unterst\u00fctzen Gleichzeitig sollte sichergestellt werden, dass die kurzen und langfristigen Bed\u00fcrfnisse des Kunden weiterhin oberste Priorit\u00e4t bei uns haben.<\/p>\n<p>Wir bei Mitchell Consulting sind stolz darauf, Ihre finanzielle Zukunft zu sichern. Das gesamte Mitchell Consulting Team, von unseren direkten Mitarbeitern, den Banken mit denen wir zusammenarbeiten, bis hin zu unseren Handwerkern und Steuerberatern, wurde gezielt f\u00fcr Ihre Bed\u00fcrfnisse ausgew\u00e4hlt, um gemeinsam Ihre W\u00fcnsche zu erf\u00fcllen. Mit der richtigen Verwaltung, wird Ihr Eigenheim die beste Investition Ihres Lebens sein.<\/p>\n<p>Wir freuen uns darauf, mit Ihnen zusammenzuarbeiten, um sicherzustellen, dass Ihre Investition rentabel und sicher ist.[\/vc_column_text][\/vc_column][\/vc_row]<\/p>\n<\/section>","protected":false},"excerpt":{"rendered":"<p>[vc_row type=&#8220;full_width_section&#8220;][vc_column width=&#8220;1\/1&#8243;][rev_slider_vc alias=&#8220;about-us&#8220;][\/vc_column][\/vc_row][vc_row top_padding=&#8220;80&#8243;][vc_column column_center=&#8220;true&#8220; width=&#8220;1\/2&#8243;][vc_column_text] Ihr Wunsch ist unsere Priorit\u00e4t [\/vc_column_text][vc_column_text]Letztendlich ist es unser Ziel, Ihre Gewinne zu maximieren und Ihren Kauf zu \u00fcberwachen. Gleichzeitig stellen wir sicher, dass Ihre Investition Ihnen so viel Geld wie m\u00f6glich einbringt.[\/vc_column_text][\/vc_column][vc_column column_center=&#8220;true&#8220; width=&#8220;1\/2&#8243;][\/vc_column][\/vc_row][vc_row top_padding=&#8220;40&#8243; bottom_padding=&#8220;100&#8243;][vc_column column_center=&#8220;true&#8220; width=&#8220;1\/2&#8243;][\/vc_column][vc_column width=&#8220;1\/2&#8243;][vc_column_text]Mitchell Consulting wurde mit einem Ziel gegr\u00fcndet: Die Mitarbeiter des Amerikanischen Milit\u00e4rs sowie die Zivilisten im Raum Kaiserslautern beim Kauf, beim Bau, bei der Finanzierung, bei der Verwaltung und beim Verkauf von Eigenheimen zu unterst\u00fctzen Gleichzeitig sollte sichergestellt werden, dass die kurzen und langfristigen Bed\u00fcrfnisse des Kunden weiterhin oberste Priorit\u00e4t bei uns haben. Wir bei Mitchell Consulting sind stolz darauf, Ihre finanzielle Zukunft zu sichern. Das gesamte Mitchell Consulting Team, von unseren direkten Mitarbeitern, den Banken mit denen wir zusammenarbeiten, bis hin zu unseren Handwerkern und Steuerberatern, wurde gezielt f\u00fcr Ihre Bed\u00fcrfnisse ausgew\u00e4hlt, um gemeinsam Ihre W\u00fcnsche zu erf\u00fcllen. Mit der richtigen Verwaltung, wird Ihr Eigenheim die beste Investition Ihres Lebens sein. Wir freuen uns darauf, mit Ihnen zusammenzuarbeiten, um sicherzustellen, dass Ihre Investition rentabel und sicher ist.[\/vc_column_text][\/vc_column][\/vc_row]<\/p>\n","protected":false},"author":1,"featured_media":0,"parent":0,"menu_order":0,"comment_status":"closed","ping_status":"closed","template":"","meta":{"_monsterinsights_skip_tracking":false,"_monsterinsights_sitenote_active":false,"_monsterinsights_sitenote_note":"","_monsterinsights_sitenote_category":0,"footnotes":""},"class_list":["post-15972","page","type-page","status-publish","hentry"],"yoast_head":"<!-- This site is optimized with the Yoast SEO plugin v27.0 - https:\/\/yoast.com\/product\/yoast-seo-wordpress\/ -->\n<title>\u00dcber uns - Mitchell Consulting GmbH<\/title>\n<meta name=\"robots\" content=\"index, follow, max-snippet:-1, max-image-preview:large, max-video-preview:-1\" \/>\n<link rel=\"canonical\" href=\"https:\/\/www.mitchell-investment.com\/de\/ueber-uns\/\" \/>\n<meta property=\"og:locale\" content=\"de_DE\" \/>\n<meta property=\"og:type\" content=\"article\" \/>\n<meta property=\"og:title\" content=\"\u00dcber uns - Mitchell Consulting GmbH\" \/>\n<meta property=\"og:description\" content=\"[vc_row type=&#8220;full_width_section&#8220;][vc_column width=&#8220;1\/1&#8243;][rev_slider_vc alias=&#8220;about-us&#8220;][\/vc_column][\/vc_row][vc_row top_padding=&#8220;80&#8243;][vc_column column_center=&#8220;true&#8220; width=&#8220;1\/2&#8243;][vc_column_text] Ihr Wunsch ist unsere Priorit\u00e4t [\/vc_column_text][vc_column_text]Letztendlich ist es unser Ziel, Ihre Gewinne zu maximieren und Ihren Kauf zu \u00fcberwachen. Gleichzeitig stellen wir sicher, dass Ihre Investition Ihnen so viel Geld wie m\u00f6glich einbringt.[\/vc_column_text][\/vc_column][vc_column column_center=&#8220;true&#8220; width=&#8220;1\/2&#8243;][\/vc_column][\/vc_row][vc_row top_padding=&#8220;40&#8243; bottom_padding=&#8220;100&#8243;][vc_column column_center=&#8220;true&#8220; width=&#8220;1\/2&#8243;][\/vc_column][vc_column width=&#8220;1\/2&#8243;][vc_column_text]Mitchell Consulting wurde mit einem Ziel gegr\u00fcndet: Die Mitarbeiter des Amerikanischen Milit\u00e4rs sowie die Zivilisten im Raum Kaiserslautern beim Kauf, beim Bau, bei der Finanzierung, bei der Verwaltung und beim Verkauf von Eigenheimen zu unterst\u00fctzen Gleichzeitig sollte sichergestellt werden, dass die kurzen und langfristigen Bed\u00fcrfnisse des Kunden weiterhin oberste Priorit\u00e4t bei uns haben. Wir bei Mitchell Consulting sind stolz darauf, Ihre finanzielle Zukunft zu sichern. Das gesamte Mitchell Consulting Team, von unseren direkten Mitarbeitern, den Banken mit denen wir zusammenarbeiten, bis hin zu unseren Handwerkern und Steuerberatern, wurde gezielt f\u00fcr Ihre Bed\u00fcrfnisse ausgew\u00e4hlt, um gemeinsam Ihre W\u00fcnsche zu erf\u00fcllen. Mit der richtigen Verwaltung, wird Ihr Eigenheim die beste Investition Ihres Lebens sein. Wir freuen uns darauf, mit Ihnen zusammenzuarbeiten, um sicherzustellen, dass Ihre Investition rentabel und sicher ist.[\/vc_column_text][\/vc_column][\/vc_row]\" \/>\n<meta property=\"og:url\" content=\"https:\/\/www.mitchell-investment.com\/de\/ueber-uns\/\" \/>\n<meta property=\"og:site_name\" content=\"Mitchell Consulting GmbH\" \/>\n<meta property=\"article:modified_time\" content=\"2021-12-03T12:49:59+00:00\" \/>\n<meta name=\"twitter:card\" content=\"summary_large_image\" \/>\n<meta name=\"twitter:label1\" content=\"Gesch\u00e4tzte Lesezeit\" \/>\n\t<meta name=\"twitter:data1\" content=\"1\u00a0Minute\" \/>\n<script type=\"application\/ld+json\" class=\"yoast-schema-graph\">{\"@context\":\"https:\/\/schema.org\",\"@graph\":[{\"@type\":\"WebPage\",\"@id\":\"https:\/\/www.mitchell-investment.com\/de\/ueber-uns\/\",\"url\":\"https:\/\/www.mitchell-investment.com\/de\/ueber-uns\/\",\"name\":\"\u00dcber uns - Mitchell Consulting GmbH\",\"isPartOf\":{\"@id\":\"https:\/\/www.mitchell-investment.com\/#website\"},\"datePublished\":\"2020-11-06T12:58:23+00:00\",\"dateModified\":\"2021-12-03T12:49:59+00:00\",\"breadcrumb\":{\"@id\":\"https:\/\/www.mitchell-investment.com\/de\/ueber-uns\/#breadcrumb\"},\"inLanguage\":\"de\",\"potentialAction\":[{\"@type\":\"ReadAction\",\"target\":[\"https:\/\/www.mitchell-investment.com\/de\/ueber-uns\/\"]}]},{\"@type\":\"BreadcrumbList\",\"@id\":\"https:\/\/www.mitchell-investment.com\/de\/ueber-uns\/#breadcrumb\",\"itemListElement\":[{\"@type\":\"ListItem\",\"position\":1,\"name\":\"Home\",\"item\":\"https:\/\/www.mitchell-investment.com\/de\/\"},{\"@type\":\"ListItem\",\"position\":2,\"name\":\"\u00dcber uns\"}]},{\"@type\":\"WebSite\",\"@id\":\"https:\/\/www.mitchell-investment.com\/#website\",\"url\":\"https:\/\/www.mitchell-investment.com\/\",\"name\":\"Mitchell Consulting GmbH\",\"description\":\"\",\"publisher\":{\"@id\":\"https:\/\/www.mitchell-investment.com\/#organization\"},\"potentialAction\":[{\"@type\":\"SearchAction\",\"target\":{\"@type\":\"EntryPoint\",\"urlTemplate\":\"https:\/\/www.mitchell-investment.com\/?s={search_term_string}\"},\"query-input\":{\"@type\":\"PropertyValueSpecification\",\"valueRequired\":true,\"valueName\":\"search_term_string\"}}],\"inLanguage\":\"de\"},{\"@type\":\"Organization\",\"@id\":\"https:\/\/www.mitchell-investment.com\/#organization\",\"name\":\"Mitchell Consulting\",\"url\":\"https:\/\/www.mitchell-investment.com\/\",\"logo\":{\"@type\":\"ImageObject\",\"inLanguage\":\"de\",\"@id\":\"https:\/\/www.mitchell-investment.com\/#\/schema\/logo\/image\/\",\"url\":\"https:\/\/www.mitchell-investment.com\/wp-content\/uploads\/2020\/11\/MitchellConsulting_Realtor_Finanzing_Sales_Ramstein_500.png\",\"contentUrl\":\"https:\/\/www.mitchell-investment.com\/wp-content\/uploads\/2020\/11\/MitchellConsulting_Realtor_Finanzing_Sales_Ramstein_500.png\",\"width\":500,\"height\":124,\"caption\":\"Mitchell Consulting\"},\"image\":{\"@id\":\"https:\/\/www.mitchell-investment.com\/#\/schema\/logo\/image\/\"}}]}<\/script>\n<!-- \/ Yoast SEO plugin. -->","yoast_head_json":{"title":"\u00dcber uns - Mitchell Consulting GmbH","robots":{"index":"index","follow":"follow","max-snippet":"max-snippet:-1","max-image-preview":"max-image-preview:large","max-video-preview":"max-video-preview:-1"},"canonical":"https:\/\/www.mitchell-investment.com\/de\/ueber-uns\/","og_locale":"de_DE","og_type":"article","og_title":"\u00dcber uns - Mitchell Consulting GmbH","og_description":"[vc_row type=&#8220;full_width_section&#8220;][vc_column width=&#8220;1\/1&#8243;][rev_slider_vc alias=&#8220;about-us&#8220;][\/vc_column][\/vc_row][vc_row top_padding=&#8220;80&#8243;][vc_column column_center=&#8220;true&#8220; width=&#8220;1\/2&#8243;][vc_column_text] Ihr Wunsch ist unsere Priorit\u00e4t [\/vc_column_text][vc_column_text]Letztendlich ist es unser Ziel, Ihre Gewinne zu maximieren und Ihren Kauf zu \u00fcberwachen. Gleichzeitig stellen wir sicher, dass Ihre Investition Ihnen so viel Geld wie m\u00f6glich einbringt.[\/vc_column_text][\/vc_column][vc_column column_center=&#8220;true&#8220; width=&#8220;1\/2&#8243;][\/vc_column][\/vc_row][vc_row top_padding=&#8220;40&#8243; bottom_padding=&#8220;100&#8243;][vc_column column_center=&#8220;true&#8220; width=&#8220;1\/2&#8243;][\/vc_column][vc_column width=&#8220;1\/2&#8243;][vc_column_text]Mitchell Consulting wurde mit einem Ziel gegr\u00fcndet: Die Mitarbeiter des Amerikanischen Milit\u00e4rs sowie die Zivilisten im Raum Kaiserslautern beim Kauf, beim Bau, bei der Finanzierung, bei der Verwaltung und beim Verkauf von Eigenheimen zu unterst\u00fctzen Gleichzeitig sollte sichergestellt werden, dass die kurzen und langfristigen Bed\u00fcrfnisse des Kunden weiterhin oberste Priorit\u00e4t bei uns haben. Wir bei Mitchell Consulting sind stolz darauf, Ihre finanzielle Zukunft zu sichern. Das gesamte Mitchell Consulting Team, von unseren direkten Mitarbeitern, den Banken mit denen wir zusammenarbeiten, bis hin zu unseren Handwerkern und Steuerberatern, wurde gezielt f\u00fcr Ihre Bed\u00fcrfnisse ausgew\u00e4hlt, um gemeinsam Ihre W\u00fcnsche zu erf\u00fcllen. Mit der richtigen Verwaltung, wird Ihr Eigenheim die beste Investition Ihres Lebens sein. Wir freuen uns darauf, mit Ihnen zusammenzuarbeiten, um sicherzustellen, dass Ihre Investition rentabel und sicher ist.[\/vc_column_text][\/vc_column][\/vc_row]","og_url":"https:\/\/www.mitchell-investment.com\/de\/ueber-uns\/","og_site_name":"Mitchell Consulting GmbH","article_modified_time":"2021-12-03T12:49:59+00:00","twitter_card":"summary_large_image","twitter_misc":{"Gesch\u00e4tzte Lesezeit":"1\u00a0Minute"},"schema":{"@context":"https:\/\/schema.org","@graph":[{"@type":"WebPage","@id":"https:\/\/www.mitchell-investment.com\/de\/ueber-uns\/","url":"https:\/\/www.mitchell-investment.com\/de\/ueber-uns\/","name":"\u00dcber uns - Mitchell Consulting GmbH","isPartOf":{"@id":"https:\/\/www.mitchell-investment.com\/#website"},"datePublished":"2020-11-06T12:58:23+00:00","dateModified":"2021-12-03T12:49:59+00:00","breadcrumb":{"@id":"https:\/\/www.mitchell-investment.com\/de\/ueber-uns\/#breadcrumb"},"inLanguage":"de","potentialAction":[{"@type":"ReadAction","target":["https:\/\/www.mitchell-investment.com\/de\/ueber-uns\/"]}]},{"@type":"BreadcrumbList","@id":"https:\/\/www.mitchell-investment.com\/de\/ueber-uns\/#breadcrumb","itemListElement":[{"@type":"ListItem","position":1,"name":"Home","item":"https:\/\/www.mitchell-investment.com\/de\/"},{"@type":"ListItem","position":2,"name":"\u00dcber uns"}]},{"@type":"WebSite","@id":"https:\/\/www.mitchell-investment.com\/#website","url":"https:\/\/www.mitchell-investment.com\/","name":"Mitchell Consulting GmbH","description":"","publisher":{"@id":"https:\/\/www.mitchell-investment.com\/#organization"},"potentialAction":[{"@type":"SearchAction","target":{"@type":"EntryPoint","urlTemplate":"https:\/\/www.mitchell-investment.com\/?s={search_term_string}"},"query-input":{"@type":"PropertyValueSpecification","valueRequired":true,"valueName":"search_term_string"}}],"inLanguage":"de"},{"@type":"Organization","@id":"https:\/\/www.mitchell-investment.com\/#organization","name":"Mitchell Consulting","url":"https:\/\/www.mitchell-investment.com\/","logo":{"@type":"ImageObject","inLanguage":"de","@id":"https:\/\/www.mitchell-investment.com\/#\/schema\/logo\/image\/","url":"https:\/\/www.mitchell-investment.com\/wp-content\/uploads\/2020\/11\/MitchellConsulting_Realtor_Finanzing_Sales_Ramstein_500.png","contentUrl":"https:\/\/www.mitchell-investment.com\/wp-content\/uploads\/2020\/11\/MitchellConsulting_Realtor_Finanzing_Sales_Ramstein_500.png","width":500,"height":124,"caption":"Mitchell Consulting"},"image":{"@id":"https:\/\/www.mitchell-investment.com\/#\/schema\/logo\/image\/"}}]}},"_links":{"self":[{"href":"https:\/\/www.mitchell-investment.com\/de\/wp-json\/wp\/v2\/pages\/15972","targetHints":{"allow":["GET"]}}],"collection":[{"href":"https:\/\/www.mitchell-investment.com\/de\/wp-json\/wp\/v2\/pages"}],"about":[{"href":"https:\/\/www.mitchell-investment.com\/de\/wp-json\/wp\/v2\/types\/page"}],"author":[{"embeddable":true,"href":"https:\/\/www.mitchell-investment.com\/de\/wp-json\/wp\/v2\/users\/1"}],"replies":[{"embeddable":true,"href":"https:\/\/www.mitchell-investment.com\/de\/wp-json\/wp\/v2\/comments?post=15972"}],"version-history":[{"count":0,"href":"https:\/\/www.mitchell-investment.com\/de\/wp-json\/wp\/v2\/pages\/15972\/revisions"}],"wp:attachment":[{"href":"https:\/\/www.mitchell-investment.com\/de\/wp-json\/wp\/v2\/media?parent=15972"}],"curies":[{"name":"wp","href":"https:\/\/api.w.org\/{rel}","templated":true}]}}