{"id":15773,"date":"2020-11-06T13:55:04","date_gmt":"2020-11-06T12:55:04","guid":{"rendered":"https:\/\/www.mitchell-investment.com\/vermietung\/"},"modified":"2021-12-07T10:04:43","modified_gmt":"2021-12-07T09:04:43","slug":"vermietung-einen-mieter-finden-in-deutschland","status":"publish","type":"page","link":"https:\/\/www.mitchell-investment.com\/de\/vermietung-einen-mieter-finden-in-deutschland\/","title":{"rendered":"Vermietungservice &#8211; Einen Mieter finden In Kaiserslautern, Ramstein, Landstuhl, Stuttgart, Wiesbaden, Grafenwoehr"},"content":{"rendered":"<section class=\"wpb-content-wrapper\"><p>[vc_row type=&#8220;full_width_section&#8220;][vc_column width=&#8220;1\/1&#8243;][rev_slider_vc alias=&#8220;temporary-lodging&#8220;][\/vc_column][\/vc_row][vc_row top_padding=&#8220;80&#8243;][vc_column column_center=&#8220;true&#8220; width=&#8220;1\/2&#8243;][vc_column_text]<\/p>\n<h1>Sagen Sie dem Stress ade<\/h1>\n<p>[\/vc_column_text][vc_column_text]Sie haben eine Wohnung oder Haus in Kaiserslautern oder Umgebung, welches Sie profitabel und unkompliziert vermieten m\u00f6chten?[\/vc_column_text][\/vc_column][vc_column column_center=&#8220;true&#8220; width=&#8220;1\/2&#8243;][\/vc_column][\/vc_row][vc_row top_padding=&#8220;40&#8243; bottom_padding=&#8220;5&#8243;][vc_column column_center=&#8220;true&#8220; width=&#8220;1\/2&#8243;]<div class=\"single_image wpb_content_element align-left    \" data-animation=\"none\" data-delay=\"0\"><\/div>[\/vc_column][vc_column width=&#8220;1\/2&#8243;][vc_column_text]<\/p>\n<h4>Mietersuche leicht gemacht<\/h4>\n<p>Die Suche und Pr\u00fcfung von Mietern ist sehr arbeits- und zeitintensiv und erfordert ein hohes organisatorisches und fachspezifisches Know-how.<\/p>\n<p>Als ortskundiger Spezialist mit \u00fcber sieben Jahren Erfahrung bieten wir Ihnen an, alle erforderlichen Schritte im Vermietungsprozess f\u00fcr Sie durchzuf\u00fchren.<\/p>\n<p>Sei es von der Erstberatung und Mietpreiseinsch\u00e4tzung bishin zur Wohnungs\u00fcbergabe, wir von Mitchell Consulting \u00fcbernehmen das gerne f\u00fcr Sie. Sagen Sie dem Stress ade![\/vc_column_text][\/vc_column][\/vc_row][vc_row bg_color=&#8220;#3d3d3d&#8220; text_align=&#8220;center&#8220; top_padding=&#8220;50&#8243; bottom_padding=&#8220;50&#8243;][vc_column width=&#8220;1\/3&#8243;][\/vc_column][vc_column width=&#8220;1\/3&#8243;]<a href=\"https:\/\/www.mitchell-investment.com\/de\/kontakt\/\" target=\"_blank\" class=\"button color-3 medium \" style=\"border-radius: 2px;\">TERMIN VEREINBAREN<\/a>[\/vc_column][vc_column width=&#8220;1\/3&#8243;][\/vc_column][\/vc_row]<\/p>\n<\/section>","protected":false},"excerpt":{"rendered":"<p>[vc_row type=&#8220;full_width_section&#8220;][vc_column width=&#8220;1\/1&#8243;][rev_slider_vc alias=&#8220;temporary-lodging&#8220;][\/vc_column][\/vc_row][vc_row top_padding=&#8220;80&#8243;][vc_column column_center=&#8220;true&#8220; width=&#8220;1\/2&#8243;][vc_column_text] Sagen Sie dem Stress ade [\/vc_column_text][vc_column_text]Sie haben eine Wohnung oder Haus in Kaiserslautern oder Umgebung, welches Sie profitabel und unkompliziert vermieten m\u00f6chten?[\/vc_column_text][\/vc_column][vc_column column_center=&#8220;true&#8220; width=&#8220;1\/2&#8243;][\/vc_column][\/vc_row][vc_row top_padding=&#8220;40&#8243; bottom_padding=&#8220;5&#8243;][vc_column column_center=&#8220;true&#8220; width=&#8220;1\/2&#8243;][\/vc_column][vc_column width=&#8220;1\/2&#8243;][vc_column_text] Mietersuche leicht gemacht Die Suche und Pr\u00fcfung von Mietern ist sehr arbeits- und zeitintensiv und erfordert ein hohes organisatorisches und fachspezifisches Know-how. Als ortskundiger Spezialist mit \u00fcber sieben Jahren Erfahrung bieten wir Ihnen an, alle erforderlichen Schritte im Vermietungsprozess f\u00fcr Sie durchzuf\u00fchren. Sei es von der Erstberatung und Mietpreiseinsch\u00e4tzung bishin zur Wohnungs\u00fcbergabe, wir von Mitchell Consulting \u00fcbernehmen das gerne f\u00fcr Sie. Sagen Sie dem Stress ade![\/vc_column_text][\/vc_column][\/vc_row][vc_row bg_color=&#8220;#3d3d3d&#8220; text_align=&#8220;center&#8220; top_padding=&#8220;50&#8243; bottom_padding=&#8220;50&#8243;][vc_column width=&#8220;1\/3&#8243;][\/vc_column][vc_column width=&#8220;1\/3&#8243;][\/vc_column][vc_column width=&#8220;1\/3&#8243;][\/vc_column][\/vc_row]<\/p>\n","protected":false},"author":1,"featured_media":0,"parent":0,"menu_order":0,"comment_status":"closed","ping_status":"closed","template":"","meta":{"_monsterinsights_skip_tracking":false,"_monsterinsights_sitenote_active":false,"_monsterinsights_sitenote_note":"","_monsterinsights_sitenote_category":0,"footnotes":""},"class_list":["post-15773","page","type-page","status-publish","hentry"],"yoast_head":"<!-- This site is optimized with the Yoast SEO plugin v27.0 - https:\/\/yoast.com\/product\/yoast-seo-wordpress\/ -->\n<title>Vermietungservice - Einen Mieter finden In Kaiserslautern, Ramstein, Landstuhl, Stuttgart, Wiesbaden, Grafenwoehr - Mitchell Consulting GmbH<\/title>\n<meta name=\"robots\" content=\"index, follow, max-snippet:-1, max-image-preview:large, max-video-preview:-1\" \/>\n<link rel=\"canonical\" href=\"https:\/\/www.mitchell-investment.com\/de\/vermietung-einen-mieter-finden-in-deutschland\/\" \/>\n<meta property=\"og:locale\" content=\"de_DE\" \/>\n<meta property=\"og:type\" content=\"article\" \/>\n<meta property=\"og:title\" content=\"Vermietungservice - Einen Mieter finden In Kaiserslautern, Ramstein, Landstuhl, Stuttgart, Wiesbaden, Grafenwoehr - Mitchell Consulting GmbH\" \/>\n<meta property=\"og:description\" content=\"[vc_row type=&#8220;full_width_section&#8220;][vc_column width=&#8220;1\/1&#8243;][rev_slider_vc alias=&#8220;temporary-lodging&#8220;][\/vc_column][\/vc_row][vc_row top_padding=&#8220;80&#8243;][vc_column column_center=&#8220;true&#8220; width=&#8220;1\/2&#8243;][vc_column_text] Sagen Sie dem Stress ade [\/vc_column_text][vc_column_text]Sie haben eine Wohnung oder Haus in Kaiserslautern oder Umgebung, welches Sie profitabel und unkompliziert vermieten m\u00f6chten?[\/vc_column_text][\/vc_column][vc_column column_center=&#8220;true&#8220; width=&#8220;1\/2&#8243;][\/vc_column][\/vc_row][vc_row top_padding=&#8220;40&#8243; bottom_padding=&#8220;5&#8243;][vc_column column_center=&#8220;true&#8220; width=&#8220;1\/2&#8243;][\/vc_column][vc_column width=&#8220;1\/2&#8243;][vc_column_text] Mietersuche leicht gemacht Die Suche und Pr\u00fcfung von Mietern ist sehr arbeits- und zeitintensiv und erfordert ein hohes organisatorisches und fachspezifisches Know-how. Als ortskundiger Spezialist mit \u00fcber sieben Jahren Erfahrung bieten wir Ihnen an, alle erforderlichen Schritte im Vermietungsprozess f\u00fcr Sie durchzuf\u00fchren. Sei es von der Erstberatung und Mietpreiseinsch\u00e4tzung bishin zur Wohnungs\u00fcbergabe, wir von Mitchell Consulting \u00fcbernehmen das gerne f\u00fcr Sie. Sagen Sie dem Stress ade![\/vc_column_text][\/vc_column][\/vc_row][vc_row bg_color=&#8220;#3d3d3d&#8220; text_align=&#8220;center&#8220; top_padding=&#8220;50&#8243; bottom_padding=&#8220;50&#8243;][vc_column width=&#8220;1\/3&#8243;][\/vc_column][vc_column width=&#8220;1\/3&#8243;][\/vc_column][vc_column width=&#8220;1\/3&#8243;][\/vc_column][\/vc_row]\" \/>\n<meta property=\"og:url\" content=\"https:\/\/www.mitchell-investment.com\/de\/vermietung-einen-mieter-finden-in-deutschland\/\" \/>\n<meta property=\"og:site_name\" content=\"Mitchell Consulting GmbH\" \/>\n<meta property=\"article:modified_time\" content=\"2021-12-07T09:04:43+00:00\" \/>\n<meta name=\"twitter:card\" content=\"summary_large_image\" \/>\n<meta name=\"twitter:label1\" content=\"Gesch\u00e4tzte Lesezeit\" \/>\n\t<meta name=\"twitter:data1\" content=\"1\u00a0Minute\" \/>\n<script type=\"application\/ld+json\" class=\"yoast-schema-graph\">{\"@context\":\"https:\/\/schema.org\",\"@graph\":[{\"@type\":\"WebPage\",\"@id\":\"https:\/\/www.mitchell-investment.com\/de\/vermietung-einen-mieter-finden-in-deutschland\/\",\"url\":\"https:\/\/www.mitchell-investment.com\/de\/vermietung-einen-mieter-finden-in-deutschland\/\",\"name\":\"Vermietungservice - Einen Mieter finden In Kaiserslautern, Ramstein, Landstuhl, Stuttgart, Wiesbaden, Grafenwoehr - Mitchell Consulting GmbH\",\"isPartOf\":{\"@id\":\"https:\/\/www.mitchell-investment.com\/#website\"},\"datePublished\":\"2020-11-06T12:55:04+00:00\",\"dateModified\":\"2021-12-07T09:04:43+00:00\",\"breadcrumb\":{\"@id\":\"https:\/\/www.mitchell-investment.com\/de\/vermietung-einen-mieter-finden-in-deutschland\/#breadcrumb\"},\"inLanguage\":\"de\",\"potentialAction\":[{\"@type\":\"ReadAction\",\"target\":[\"https:\/\/www.mitchell-investment.com\/de\/vermietung-einen-mieter-finden-in-deutschland\/\"]}]},{\"@type\":\"BreadcrumbList\",\"@id\":\"https:\/\/www.mitchell-investment.com\/de\/vermietung-einen-mieter-finden-in-deutschland\/#breadcrumb\",\"itemListElement\":[{\"@type\":\"ListItem\",\"position\":1,\"name\":\"Home\",\"item\":\"https:\/\/www.mitchell-investment.com\/de\/\"},{\"@type\":\"ListItem\",\"position\":2,\"name\":\"Vermietungservice &#8211; Einen Mieter finden In Kaiserslautern, Ramstein, Landstuhl, Stuttgart, Wiesbaden, Grafenwoehr\"}]},{\"@type\":\"WebSite\",\"@id\":\"https:\/\/www.mitchell-investment.com\/#website\",\"url\":\"https:\/\/www.mitchell-investment.com\/\",\"name\":\"Mitchell Consulting GmbH\",\"description\":\"\",\"publisher\":{\"@id\":\"https:\/\/www.mitchell-investment.com\/#organization\"},\"potentialAction\":[{\"@type\":\"SearchAction\",\"target\":{\"@type\":\"EntryPoint\",\"urlTemplate\":\"https:\/\/www.mitchell-investment.com\/?s={search_term_string}\"},\"query-input\":{\"@type\":\"PropertyValueSpecification\",\"valueRequired\":true,\"valueName\":\"search_term_string\"}}],\"inLanguage\":\"de\"},{\"@type\":\"Organization\",\"@id\":\"https:\/\/www.mitchell-investment.com\/#organization\",\"name\":\"Mitchell Consulting\",\"url\":\"https:\/\/www.mitchell-investment.com\/\",\"logo\":{\"@type\":\"ImageObject\",\"inLanguage\":\"de\",\"@id\":\"https:\/\/www.mitchell-investment.com\/#\/schema\/logo\/image\/\",\"url\":\"https:\/\/www.mitchell-investment.com\/wp-content\/uploads\/2020\/11\/MitchellConsulting_Realtor_Finanzing_Sales_Ramstein_500.png\",\"contentUrl\":\"https:\/\/www.mitchell-investment.com\/wp-content\/uploads\/2020\/11\/MitchellConsulting_Realtor_Finanzing_Sales_Ramstein_500.png\",\"width\":500,\"height\":124,\"caption\":\"Mitchell Consulting\"},\"image\":{\"@id\":\"https:\/\/www.mitchell-investment.com\/#\/schema\/logo\/image\/\"}}]}<\/script>\n<!-- \/ Yoast SEO plugin. -->","yoast_head_json":{"title":"Vermietungservice - Einen Mieter finden In Kaiserslautern, Ramstein, Landstuhl, Stuttgart, Wiesbaden, Grafenwoehr - Mitchell Consulting GmbH","robots":{"index":"index","follow":"follow","max-snippet":"max-snippet:-1","max-image-preview":"max-image-preview:large","max-video-preview":"max-video-preview:-1"},"canonical":"https:\/\/www.mitchell-investment.com\/de\/vermietung-einen-mieter-finden-in-deutschland\/","og_locale":"de_DE","og_type":"article","og_title":"Vermietungservice - Einen Mieter finden In Kaiserslautern, Ramstein, Landstuhl, Stuttgart, Wiesbaden, Grafenwoehr - Mitchell Consulting GmbH","og_description":"[vc_row type=&#8220;full_width_section&#8220;][vc_column width=&#8220;1\/1&#8243;][rev_slider_vc alias=&#8220;temporary-lodging&#8220;][\/vc_column][\/vc_row][vc_row top_padding=&#8220;80&#8243;][vc_column column_center=&#8220;true&#8220; width=&#8220;1\/2&#8243;][vc_column_text] Sagen Sie dem Stress ade [\/vc_column_text][vc_column_text]Sie haben eine Wohnung oder Haus in Kaiserslautern oder Umgebung, welches Sie profitabel und unkompliziert vermieten m\u00f6chten?[\/vc_column_text][\/vc_column][vc_column column_center=&#8220;true&#8220; width=&#8220;1\/2&#8243;][\/vc_column][\/vc_row][vc_row top_padding=&#8220;40&#8243; bottom_padding=&#8220;5&#8243;][vc_column column_center=&#8220;true&#8220; width=&#8220;1\/2&#8243;][\/vc_column][vc_column width=&#8220;1\/2&#8243;][vc_column_text] Mietersuche leicht gemacht Die Suche und Pr\u00fcfung von Mietern ist sehr arbeits- und zeitintensiv und erfordert ein hohes organisatorisches und fachspezifisches Know-how. Als ortskundiger Spezialist mit \u00fcber sieben Jahren Erfahrung bieten wir Ihnen an, alle erforderlichen Schritte im Vermietungsprozess f\u00fcr Sie durchzuf\u00fchren. Sei es von der Erstberatung und Mietpreiseinsch\u00e4tzung bishin zur Wohnungs\u00fcbergabe, wir von Mitchell Consulting \u00fcbernehmen das gerne f\u00fcr Sie. Sagen Sie dem Stress ade![\/vc_column_text][\/vc_column][\/vc_row][vc_row bg_color=&#8220;#3d3d3d&#8220; text_align=&#8220;center&#8220; top_padding=&#8220;50&#8243; bottom_padding=&#8220;50&#8243;][vc_column width=&#8220;1\/3&#8243;][\/vc_column][vc_column width=&#8220;1\/3&#8243;][\/vc_column][vc_column width=&#8220;1\/3&#8243;][\/vc_column][\/vc_row]","og_url":"https:\/\/www.mitchell-investment.com\/de\/vermietung-einen-mieter-finden-in-deutschland\/","og_site_name":"Mitchell Consulting GmbH","article_modified_time":"2021-12-07T09:04:43+00:00","twitter_card":"summary_large_image","twitter_misc":{"Gesch\u00e4tzte Lesezeit":"1\u00a0Minute"},"schema":{"@context":"https:\/\/schema.org","@graph":[{"@type":"WebPage","@id":"https:\/\/www.mitchell-investment.com\/de\/vermietung-einen-mieter-finden-in-deutschland\/","url":"https:\/\/www.mitchell-investment.com\/de\/vermietung-einen-mieter-finden-in-deutschland\/","name":"Vermietungservice - Einen Mieter finden In Kaiserslautern, Ramstein, Landstuhl, Stuttgart, Wiesbaden, Grafenwoehr - Mitchell Consulting GmbH","isPartOf":{"@id":"https:\/\/www.mitchell-investment.com\/#website"},"datePublished":"2020-11-06T12:55:04+00:00","dateModified":"2021-12-07T09:04:43+00:00","breadcrumb":{"@id":"https:\/\/www.mitchell-investment.com\/de\/vermietung-einen-mieter-finden-in-deutschland\/#breadcrumb"},"inLanguage":"de","potentialAction":[{"@type":"ReadAction","target":["https:\/\/www.mitchell-investment.com\/de\/vermietung-einen-mieter-finden-in-deutschland\/"]}]},{"@type":"BreadcrumbList","@id":"https:\/\/www.mitchell-investment.com\/de\/vermietung-einen-mieter-finden-in-deutschland\/#breadcrumb","itemListElement":[{"@type":"ListItem","position":1,"name":"Home","item":"https:\/\/www.mitchell-investment.com\/de\/"},{"@type":"ListItem","position":2,"name":"Vermietungservice &#8211; Einen Mieter finden In Kaiserslautern, Ramstein, Landstuhl, Stuttgart, Wiesbaden, Grafenwoehr"}]},{"@type":"WebSite","@id":"https:\/\/www.mitchell-investment.com\/#website","url":"https:\/\/www.mitchell-investment.com\/","name":"Mitchell Consulting GmbH","description":"","publisher":{"@id":"https:\/\/www.mitchell-investment.com\/#organization"},"potentialAction":[{"@type":"SearchAction","target":{"@type":"EntryPoint","urlTemplate":"https:\/\/www.mitchell-investment.com\/?s={search_term_string}"},"query-input":{"@type":"PropertyValueSpecification","valueRequired":true,"valueName":"search_term_string"}}],"inLanguage":"de"},{"@type":"Organization","@id":"https:\/\/www.mitchell-investment.com\/#organization","name":"Mitchell Consulting","url":"https:\/\/www.mitchell-investment.com\/","logo":{"@type":"ImageObject","inLanguage":"de","@id":"https:\/\/www.mitchell-investment.com\/#\/schema\/logo\/image\/","url":"https:\/\/www.mitchell-investment.com\/wp-content\/uploads\/2020\/11\/MitchellConsulting_Realtor_Finanzing_Sales_Ramstein_500.png","contentUrl":"https:\/\/www.mitchell-investment.com\/wp-content\/uploads\/2020\/11\/MitchellConsulting_Realtor_Finanzing_Sales_Ramstein_500.png","width":500,"height":124,"caption":"Mitchell Consulting"},"image":{"@id":"https:\/\/www.mitchell-investment.com\/#\/schema\/logo\/image\/"}}]}},"_links":{"self":[{"href":"https:\/\/www.mitchell-investment.com\/de\/wp-json\/wp\/v2\/pages\/15773","targetHints":{"allow":["GET"]}}],"collection":[{"href":"https:\/\/www.mitchell-investment.com\/de\/wp-json\/wp\/v2\/pages"}],"about":[{"href":"https:\/\/www.mitchell-investment.com\/de\/wp-json\/wp\/v2\/types\/page"}],"author":[{"embeddable":true,"href":"https:\/\/www.mitchell-investment.com\/de\/wp-json\/wp\/v2\/users\/1"}],"replies":[{"embeddable":true,"href":"https:\/\/www.mitchell-investment.com\/de\/wp-json\/wp\/v2\/comments?post=15773"}],"version-history":[{"count":0,"href":"https:\/\/www.mitchell-investment.com\/de\/wp-json\/wp\/v2\/pages\/15773\/revisions"}],"wp:attachment":[{"href":"https:\/\/www.mitchell-investment.com\/de\/wp-json\/wp\/v2\/media?parent=15773"}],"curies":[{"name":"wp","href":"https:\/\/api.w.org\/{rel}","templated":true}]}}