{"id":15753,"date":"2020-11-06T13:50:36","date_gmt":"2020-11-06T12:50:36","guid":{"rendered":"https:\/\/www.mitchell-investment.com\/immobilien\/"},"modified":"2022-01-20T09:49:18","modified_gmt":"2022-01-20T08:49:18","slug":"immobilien","status":"publish","type":"page","link":"https:\/\/www.mitchell-investment.com\/de\/","title":{"rendered":"Immobilien &#8211; Immobilienkauf und -verkauf, Immobilienverwaltung und Finanzierung in Deutschland"},"content":{"rendered":"<section class=\"wpb-content-wrapper\"><p>[vc_row type=&#8220;full_width_section&#8220;][vc_column width=&#8220;1\/1&#8243;][rev_slider_vc alias=&#8220;homepage&#8220;][\/vc_column][\/vc_row][vc_row top_padding=&#8220;80&#8243;][vc_column column_center=&#8220;true&#8220; width=&#8220;1\/2&#8243;][vc_column_text]<\/p>\n<h1>Alle Immobiliendienstleistungen unter einem Dach<\/h1>\n<p>[\/vc_column_text][vc_column_text]<\/p>\n<h4><a href=\"https:\/\/www.mitchell-investment.com\/de\/fianzierung\/\">Finanzierung<\/a><\/h4>\n<p><span style=\"vertical-align: inherit;\"><span style=\"vertical-align: inherit;\">Fundiertes Wissen und langj\u00e4hrige Erfahrung machen uns zu einem kompetenten Partner, wenn es um Ihre Finanzierung geht. Wir planen sichere Finanzierungsmodelle, die zukunftsorientiert und auf Ihre Bed\u00fcrfnisse zugeschnitten sind. <strong><a href=\"https:\/\/www.mitchell-investment.com\/de\/fianzierung\/\">More<\/a><\/strong><\/span><\/span>[\/vc_column_text][\/vc_column][vc_column column_center=&#8220;true&#8220; width=&#8220;1\/2&#8243;]<div class=\"single_image wpb_content_element align-right    \" data-animation=\"none\" data-delay=\"0\"><img loading=\"lazy\" decoding=\"async\" width=\"2560\" height=\"1707\" src=\"https:\/\/www.mitchell-investment.com\/wp-content\/uploads\/2021\/11\/list_home-scaled.jpg\" class=\"attachment-full\" alt=\"\" title=\"Real,Estate,House,Appraisal,Checklist.,Home,Check\" srcset=\"https:\/\/www.mitchell-investment.com\/wp-content\/uploads\/2021\/11\/list_home-scaled.jpg 2560w, https:\/\/www.mitchell-investment.com\/wp-content\/uploads\/2021\/11\/list_home-300x200.jpg 300w, https:\/\/www.mitchell-investment.com\/wp-content\/uploads\/2021\/11\/list_home-1024x683.jpg 1024w, https:\/\/www.mitchell-investment.com\/wp-content\/uploads\/2021\/11\/list_home-768x512.jpg 768w, https:\/\/www.mitchell-investment.com\/wp-content\/uploads\/2021\/11\/list_home-1536x1024.jpg 1536w, https:\/\/www.mitchell-investment.com\/wp-content\/uploads\/2021\/11\/list_home-2048x1365.jpg 2048w, https:\/\/www.mitchell-investment.com\/wp-content\/uploads\/2021\/11\/list_home-600x400.jpg 600w\" sizes=\"auto, (max-width: 2560px) 100vw, 2560px\" \/><\/div>[\/vc_column][\/vc_row][vc_row top_padding=&#8220;40&#8243; class=&#8220;ap-flip-columns&#8220;][vc_column column_center=&#8220;true&#8220; width=&#8220;1\/2&#8243;]<div class=\"single_image wpb_content_element align-left    \" data-animation=\"none\" data-delay=\"0\"><img loading=\"lazy\" decoding=\"async\" width=\"2560\" height=\"1709\" src=\"https:\/\/www.mitchell-investment.com\/wp-content\/uploads\/2021\/11\/key_home-scaled.jpg\" class=\"attachment-full\" alt=\"\" title=\"Realtor,Is,Giving,The,Keys,To,An,Apartment,To,Clients.\" srcset=\"https:\/\/www.mitchell-investment.com\/wp-content\/uploads\/2021\/11\/key_home-scaled.jpg 2560w, https:\/\/www.mitchell-investment.com\/wp-content\/uploads\/2021\/11\/key_home-300x200.jpg 300w, https:\/\/www.mitchell-investment.com\/wp-content\/uploads\/2021\/11\/key_home-1024x684.jpg 1024w, https:\/\/www.mitchell-investment.com\/wp-content\/uploads\/2021\/11\/key_home-768x513.jpg 768w, https:\/\/www.mitchell-investment.com\/wp-content\/uploads\/2021\/11\/key_home-1536x1025.jpg 1536w, https:\/\/www.mitchell-investment.com\/wp-content\/uploads\/2021\/11\/key_home-2048x1367.jpg 2048w, https:\/\/www.mitchell-investment.com\/wp-content\/uploads\/2021\/11\/key_home-600x400.jpg 600w\" sizes=\"auto, (max-width: 2560px) 100vw, 2560px\" \/><\/div>[\/vc_column][vc_column column_center=&#8220;true&#8220; width=&#8220;1\/2&#8243;][vc_column_text]<\/p>\n<h4><a href=\"https:\/\/www.mitchell-investment.com\/de\/sale\/real-estate-sale\/\">Immobilienverkauf<\/a><\/h4>\n<p>Profitieren Sie von einer pers\u00f6nlichen und individuellen Beratung von der ersten Kontaktaufnahme, \u00fcber die Einwertung Ihrer Immobilie, Durchf\u00fchrung von Besichtigungsterminen bis hin zum Notartermin und finalen Schl\u00fcssel\u00fcbergabe.\u00a0<strong><a href=\"https:\/\/www.mitchell-investment.com\/de\/sale\/real-estate-sale\/\">More<\/a><\/strong>[\/vc_column_text][\/vc_column][\/vc_row][vc_row top_padding=&#8220;40&#8243;][vc_column column_center=&#8220;true&#8220; width=&#8220;1\/2&#8243;][vc_column_text]<\/p>\n<h4><a href=\"https:\/\/www.mitchell-investment.com\/de\/vermietung\/\">Vermietung<\/a><\/h4>\n<p>Ben\u00f6tigen Sie Unterst\u00fctzung bei der Vermietung Ihrer Kapitalanlage? Geben Sie Ihr Objekt in professionelle H\u00e4nde und machen Sie sich unsere Erfahrung mit amerikanischen Mietinteressenten zu Ihrem nutzen.\u00a0<strong><a href=\"https:\/\/www.mitchell-investment.com\/de\/vermietung-einen-mieter-finden-in-deutschland\/\">More<\/a><\/strong>[\/vc_column_text][\/vc_column][vc_column column_center=&#8220;true&#8220; width=&#8220;1\/2&#8243;]<div class=\"single_image wpb_content_element align-right    \" data-animation=\"none\" data-delay=\"0\"><\/div>[\/vc_column][\/vc_row][vc_row top_padding=&#8220;40&#8243; bottom_padding=&#8220;5&#8243; class=&#8220;ap-flip-columns&#8220;][vc_column column_center=&#8220;true&#8220; width=&#8220;1\/2&#8243;]<div class=\"single_image wpb_content_element align-left    \" data-animation=\"none\" data-delay=\"0\"><img loading=\"lazy\" decoding=\"async\" width=\"2560\" height=\"1707\" src=\"https:\/\/www.mitchell-investment.com\/wp-content\/uploads\/2021\/11\/repair_man_home-scaled.jpg\" class=\"attachment-full\" alt=\"\" title=\"Worker,,Service,Man,,Plumber,Or,Electric\" srcset=\"https:\/\/www.mitchell-investment.com\/wp-content\/uploads\/2021\/11\/repair_man_home-scaled.jpg 2560w, https:\/\/www.mitchell-investment.com\/wp-content\/uploads\/2021\/11\/repair_man_home-300x200.jpg 300w, https:\/\/www.mitchell-investment.com\/wp-content\/uploads\/2021\/11\/repair_man_home-1024x683.jpg 1024w, https:\/\/www.mitchell-investment.com\/wp-content\/uploads\/2021\/11\/repair_man_home-768x512.jpg 768w, https:\/\/www.mitchell-investment.com\/wp-content\/uploads\/2021\/11\/repair_man_home-1536x1024.jpg 1536w, https:\/\/www.mitchell-investment.com\/wp-content\/uploads\/2021\/11\/repair_man_home-2048x1365.jpg 2048w, https:\/\/www.mitchell-investment.com\/wp-content\/uploads\/2021\/11\/repair_man_home-600x400.jpg 600w\" sizes=\"auto, (max-width: 2560px) 100vw, 2560px\" \/><\/div>[\/vc_column][vc_column column_center=&#8220;true&#8220; width=&#8220;1\/2&#8243;][vc_column_text]<\/p>\n<h4><a href=\"https:\/\/www.mitchell-investment.com\/de\/hausverwaltung\/\">Hausverwaltung<\/a><\/h4>\n<p>Spezialisiert auf die Verwaltung von H\u00e4usern, welche an amerikanische Mitb\u00fcrger vermietet sind. Rundumbetreuung von Eigent\u00fcmern und Mietern in allen verwaltungstechnischen Angelegenheiten.\u00a0<strong><a href=\"https:\/\/www.mitchell-investment.com\/de\/hausverwaltung\/\">More<\/a><\/strong>[\/vc_column_text][\/vc_column][\/vc_row][vc_row bg_color=&#8220;#3d3d3d&#8220; text_align=&#8220;center&#8220; top_padding=&#8220;20&#8243; bottom_padding=&#8220;20&#8243;][vc_column width=&#8220;1\/3&#8243;][\/vc_column][vc_column width=&#8220;1\/3&#8243;]<a href=\"https:\/\/www.mitchell-investment.com\/de\/kontakt\/\" target=\"_blank\" class=\"button color-3 medium \" style=\"border-radius: 2px;\">TERMIN VEREINBAREN<\/a>[\/vc_column][vc_column width=&#8220;1\/3&#8243;][\/vc_column][\/vc_row][vc_row type=&#8220;full_width_section&#8220; top_padding=&#8220;50&#8243; bottom_padding=&#8220;80&#8243;][vc_column width=&#8220;1\/1&#8243;][rev_slider_vc alias=&#8220;home_philosophy&#8220;][\/vc_column][\/vc_row]<\/p>\n<\/section>","protected":false},"excerpt":{"rendered":"<p>[vc_row type=&#8220;full_width_section&#8220;][vc_column width=&#8220;1\/1&#8243;][rev_slider_vc alias=&#8220;homepage&#8220;][\/vc_column][\/vc_row][vc_row top_padding=&#8220;80&#8243;][vc_column column_center=&#8220;true&#8220; width=&#8220;1\/2&#8243;][vc_column_text] Alle Immobiliendienstleistungen unter einem Dach [\/vc_column_text][vc_column_text] Finanzierung Fundiertes Wissen und langj\u00e4hrige Erfahrung machen uns zu einem kompetenten Partner, wenn es um Ihre Finanzierung geht. Wir planen sichere Finanzierungsmodelle, die zukunftsorientiert und auf Ihre Bed\u00fcrfnisse zugeschnitten sind. More[\/vc_column_text][\/vc_column][vc_column column_center=&#8220;true&#8220; width=&#8220;1\/2&#8243;][\/vc_column][\/vc_row][vc_row top_padding=&#8220;40&#8243; class=&#8220;ap-flip-columns&#8220;][vc_column column_center=&#8220;true&#8220; width=&#8220;1\/2&#8243;][\/vc_column][vc_column column_center=&#8220;true&#8220; width=&#8220;1\/2&#8243;][vc_column_text] Immobilienverkauf Profitieren Sie von einer pers\u00f6nlichen und individuellen Beratung von der ersten Kontaktaufnahme, \u00fcber die Einwertung Ihrer Immobilie, Durchf\u00fchrung von Besichtigungsterminen bis hin zum Notartermin und finalen Schl\u00fcssel\u00fcbergabe.\u00a0More[\/vc_column_text][\/vc_column][\/vc_row][vc_row top_padding=&#8220;40&#8243;][vc_column column_center=&#8220;true&#8220; width=&#8220;1\/2&#8243;][vc_column_text] Vermietung Ben\u00f6tigen Sie Unterst\u00fctzung bei der Vermietung Ihrer Kapitalanlage? Geben Sie Ihr Objekt in professionelle H\u00e4nde und machen Sie sich unsere Erfahrung mit amerikanischen Mietinteressenten zu Ihrem nutzen.\u00a0More[\/vc_column_text][\/vc_column][vc_column column_center=&#8220;true&#8220; width=&#8220;1\/2&#8243;][\/vc_column][\/vc_row][vc_row top_padding=&#8220;40&#8243; bottom_padding=&#8220;5&#8243; class=&#8220;ap-flip-columns&#8220;][vc_column column_center=&#8220;true&#8220; width=&#8220;1\/2&#8243;][\/vc_column][vc_column column_center=&#8220;true&#8220; width=&#8220;1\/2&#8243;][vc_column_text] Hausverwaltung Spezialisiert auf die Verwaltung von H\u00e4usern, welche an amerikanische Mitb\u00fcrger vermietet sind. Rundumbetreuung von Eigent\u00fcmern und Mietern in allen verwaltungstechnischen Angelegenheiten.\u00a0More[\/vc_column_text][\/vc_column][\/vc_row][vc_row bg_color=&#8220;#3d3d3d&#8220; text_align=&#8220;center&#8220; top_padding=&#8220;20&#8243; bottom_padding=&#8220;20&#8243;][vc_column width=&#8220;1\/3&#8243;][\/vc_column][vc_column width=&#8220;1\/3&#8243;][\/vc_column][vc_column width=&#8220;1\/3&#8243;][\/vc_column][\/vc_row][vc_row type=&#8220;full_width_section&#8220; top_padding=&#8220;50&#8243; bottom_padding=&#8220;80&#8243;][vc_column width=&#8220;1\/1&#8243;][rev_slider_vc alias=&#8220;home_philosophy&#8220;][\/vc_column][\/vc_row]<\/p>\n","protected":false},"author":1,"featured_media":0,"parent":0,"menu_order":0,"comment_status":"closed","ping_status":"closed","template":"","meta":{"_monsterinsights_skip_tracking":false,"_monsterinsights_sitenote_active":false,"_monsterinsights_sitenote_note":"","_monsterinsights_sitenote_category":0,"footnotes":""},"class_list":["post-15753","page","type-page","status-publish","hentry"],"yoast_head":"<!-- This site is optimized with the Yoast SEO plugin v27.0 - https:\/\/yoast.com\/product\/yoast-seo-wordpress\/ -->\n<title>Immobilien - Immobilienkauf und -verkauf, Immobilienverwaltung und Finanzierung in Deutschland - Mitchell Consulting GmbH<\/title>\n<meta name=\"robots\" content=\"index, follow, max-snippet:-1, max-image-preview:large, max-video-preview:-1\" \/>\n<link rel=\"canonical\" href=\"https:\/\/www.mitchell-investment.com\/de\/\" \/>\n<meta property=\"og:locale\" content=\"de_DE\" \/>\n<meta property=\"og:type\" content=\"article\" \/>\n<meta property=\"og:title\" content=\"Immobilien - Immobilienkauf und -verkauf, Immobilienverwaltung und Finanzierung in Deutschland - Mitchell Consulting GmbH\" \/>\n<meta property=\"og:description\" content=\"[vc_row type=&#8220;full_width_section&#8220;][vc_column width=&#8220;1\/1&#8243;][rev_slider_vc alias=&#8220;homepage&#8220;][\/vc_column][\/vc_row][vc_row top_padding=&#8220;80&#8243;][vc_column column_center=&#8220;true&#8220; width=&#8220;1\/2&#8243;][vc_column_text] Alle Immobiliendienstleistungen unter einem Dach [\/vc_column_text][vc_column_text] Finanzierung Fundiertes Wissen und langj\u00e4hrige Erfahrung machen uns zu einem kompetenten Partner, wenn es um Ihre Finanzierung geht. Wir planen sichere Finanzierungsmodelle, die zukunftsorientiert und auf Ihre Bed\u00fcrfnisse zugeschnitten sind. More[\/vc_column_text][\/vc_column][vc_column column_center=&#8220;true&#8220; width=&#8220;1\/2&#8243;][\/vc_column][\/vc_row][vc_row top_padding=&#8220;40&#8243; class=&#8220;ap-flip-columns&#8220;][vc_column column_center=&#8220;true&#8220; width=&#8220;1\/2&#8243;][\/vc_column][vc_column column_center=&#8220;true&#8220; width=&#8220;1\/2&#8243;][vc_column_text] Immobilienverkauf Profitieren Sie von einer pers\u00f6nlichen und individuellen Beratung von der ersten Kontaktaufnahme, \u00fcber die Einwertung Ihrer Immobilie, Durchf\u00fchrung von Besichtigungsterminen bis hin zum Notartermin und finalen Schl\u00fcssel\u00fcbergabe.\u00a0More[\/vc_column_text][\/vc_column][\/vc_row][vc_row top_padding=&#8220;40&#8243;][vc_column column_center=&#8220;true&#8220; width=&#8220;1\/2&#8243;][vc_column_text] Vermietung Ben\u00f6tigen Sie Unterst\u00fctzung bei der Vermietung Ihrer Kapitalanlage? Geben Sie Ihr Objekt in professionelle H\u00e4nde und machen Sie sich unsere Erfahrung mit amerikanischen Mietinteressenten zu Ihrem nutzen.\u00a0More[\/vc_column_text][\/vc_column][vc_column column_center=&#8220;true&#8220; width=&#8220;1\/2&#8243;][\/vc_column][\/vc_row][vc_row top_padding=&#8220;40&#8243; bottom_padding=&#8220;5&#8243; class=&#8220;ap-flip-columns&#8220;][vc_column column_center=&#8220;true&#8220; width=&#8220;1\/2&#8243;][\/vc_column][vc_column column_center=&#8220;true&#8220; width=&#8220;1\/2&#8243;][vc_column_text] Hausverwaltung Spezialisiert auf die Verwaltung von H\u00e4usern, welche an amerikanische Mitb\u00fcrger vermietet sind. Rundumbetreuung von Eigent\u00fcmern und Mietern in allen verwaltungstechnischen Angelegenheiten.\u00a0More[\/vc_column_text][\/vc_column][\/vc_row][vc_row bg_color=&#8220;#3d3d3d&#8220; text_align=&#8220;center&#8220; top_padding=&#8220;20&#8243; bottom_padding=&#8220;20&#8243;][vc_column width=&#8220;1\/3&#8243;][\/vc_column][vc_column width=&#8220;1\/3&#8243;][\/vc_column][vc_column width=&#8220;1\/3&#8243;][\/vc_column][\/vc_row][vc_row type=&#8220;full_width_section&#8220; top_padding=&#8220;50&#8243; bottom_padding=&#8220;80&#8243;][vc_column width=&#8220;1\/1&#8243;][rev_slider_vc alias=&#8220;home_philosophy&#8220;][\/vc_column][\/vc_row]\" \/>\n<meta property=\"og:url\" content=\"https:\/\/www.mitchell-investment.com\/de\/\" \/>\n<meta property=\"og:site_name\" content=\"Mitchell Consulting GmbH\" \/>\n<meta property=\"article:modified_time\" content=\"2022-01-20T08:49:18+00:00\" \/>\n<meta name=\"twitter:card\" content=\"summary_large_image\" \/>\n<meta name=\"twitter:label1\" content=\"Gesch\u00e4tzte Lesezeit\" \/>\n\t<meta name=\"twitter:data1\" content=\"1\u00a0Minute\" \/>\n<script type=\"application\/ld+json\" class=\"yoast-schema-graph\">{\"@context\":\"https:\/\/schema.org\",\"@graph\":[{\"@type\":\"WebPage\",\"@id\":\"https:\/\/www.mitchell-investment.com\/de\/\",\"url\":\"https:\/\/www.mitchell-investment.com\/de\/\",\"name\":\"Immobilien - Immobilienkauf und -verkauf, Immobilienverwaltung und Finanzierung in Deutschland - Mitchell Consulting GmbH\",\"isPartOf\":{\"@id\":\"https:\/\/www.mitchell-investment.com\/#website\"},\"datePublished\":\"2020-11-06T12:50:36+00:00\",\"dateModified\":\"2022-01-20T08:49:18+00:00\",\"breadcrumb\":{\"@id\":\"https:\/\/www.mitchell-investment.com\/de\/#breadcrumb\"},\"inLanguage\":\"de\",\"potentialAction\":[{\"@type\":\"ReadAction\",\"target\":[\"https:\/\/www.mitchell-investment.com\/de\/\"]}]},{\"@type\":\"BreadcrumbList\",\"@id\":\"https:\/\/www.mitchell-investment.com\/de\/#breadcrumb\",\"itemListElement\":[{\"@type\":\"ListItem\",\"position\":1,\"name\":\"Home\",\"item\":\"https:\/\/www.mitchell-investment.com\/de\/\"},{\"@type\":\"ListItem\",\"position\":2,\"name\":\"Immobilien &#8211; Immobilienkauf und -verkauf, Immobilienverwaltung und Finanzierung in Deutschland\"}]},{\"@type\":\"WebSite\",\"@id\":\"https:\/\/www.mitchell-investment.com\/#website\",\"url\":\"https:\/\/www.mitchell-investment.com\/\",\"name\":\"Mitchell Consulting GmbH\",\"description\":\"\",\"publisher\":{\"@id\":\"https:\/\/www.mitchell-investment.com\/#organization\"},\"potentialAction\":[{\"@type\":\"SearchAction\",\"target\":{\"@type\":\"EntryPoint\",\"urlTemplate\":\"https:\/\/www.mitchell-investment.com\/?s={search_term_string}\"},\"query-input\":{\"@type\":\"PropertyValueSpecification\",\"valueRequired\":true,\"valueName\":\"search_term_string\"}}],\"inLanguage\":\"de\"},{\"@type\":\"Organization\",\"@id\":\"https:\/\/www.mitchell-investment.com\/#organization\",\"name\":\"Mitchell Consulting\",\"url\":\"https:\/\/www.mitchell-investment.com\/\",\"logo\":{\"@type\":\"ImageObject\",\"inLanguage\":\"de\",\"@id\":\"https:\/\/www.mitchell-investment.com\/#\/schema\/logo\/image\/\",\"url\":\"https:\/\/www.mitchell-investment.com\/wp-content\/uploads\/2020\/11\/MitchellConsulting_Realtor_Finanzing_Sales_Ramstein_500.png\",\"contentUrl\":\"https:\/\/www.mitchell-investment.com\/wp-content\/uploads\/2020\/11\/MitchellConsulting_Realtor_Finanzing_Sales_Ramstein_500.png\",\"width\":500,\"height\":124,\"caption\":\"Mitchell Consulting\"},\"image\":{\"@id\":\"https:\/\/www.mitchell-investment.com\/#\/schema\/logo\/image\/\"}}]}<\/script>\n<!-- \/ Yoast SEO plugin. -->","yoast_head_json":{"title":"Immobilien - Immobilienkauf und -verkauf, Immobilienverwaltung und Finanzierung in Deutschland - Mitchell Consulting GmbH","robots":{"index":"index","follow":"follow","max-snippet":"max-snippet:-1","max-image-preview":"max-image-preview:large","max-video-preview":"max-video-preview:-1"},"canonical":"https:\/\/www.mitchell-investment.com\/de\/","og_locale":"de_DE","og_type":"article","og_title":"Immobilien - Immobilienkauf und -verkauf, Immobilienverwaltung und Finanzierung in Deutschland - Mitchell Consulting GmbH","og_description":"[vc_row type=&#8220;full_width_section&#8220;][vc_column width=&#8220;1\/1&#8243;][rev_slider_vc alias=&#8220;homepage&#8220;][\/vc_column][\/vc_row][vc_row top_padding=&#8220;80&#8243;][vc_column column_center=&#8220;true&#8220; width=&#8220;1\/2&#8243;][vc_column_text] Alle Immobiliendienstleistungen unter einem Dach [\/vc_column_text][vc_column_text] Finanzierung Fundiertes Wissen und langj\u00e4hrige Erfahrung machen uns zu einem kompetenten Partner, wenn es um Ihre Finanzierung geht. Wir planen sichere Finanzierungsmodelle, die zukunftsorientiert und auf Ihre Bed\u00fcrfnisse zugeschnitten sind. More[\/vc_column_text][\/vc_column][vc_column column_center=&#8220;true&#8220; width=&#8220;1\/2&#8243;][\/vc_column][\/vc_row][vc_row top_padding=&#8220;40&#8243; class=&#8220;ap-flip-columns&#8220;][vc_column column_center=&#8220;true&#8220; width=&#8220;1\/2&#8243;][\/vc_column][vc_column column_center=&#8220;true&#8220; width=&#8220;1\/2&#8243;][vc_column_text] Immobilienverkauf Profitieren Sie von einer pers\u00f6nlichen und individuellen Beratung von der ersten Kontaktaufnahme, \u00fcber die Einwertung Ihrer Immobilie, Durchf\u00fchrung von Besichtigungsterminen bis hin zum Notartermin und finalen Schl\u00fcssel\u00fcbergabe.\u00a0More[\/vc_column_text][\/vc_column][\/vc_row][vc_row top_padding=&#8220;40&#8243;][vc_column column_center=&#8220;true&#8220; width=&#8220;1\/2&#8243;][vc_column_text] Vermietung Ben\u00f6tigen Sie Unterst\u00fctzung bei der Vermietung Ihrer Kapitalanlage? Geben Sie Ihr Objekt in professionelle H\u00e4nde und machen Sie sich unsere Erfahrung mit amerikanischen Mietinteressenten zu Ihrem nutzen.\u00a0More[\/vc_column_text][\/vc_column][vc_column column_center=&#8220;true&#8220; width=&#8220;1\/2&#8243;][\/vc_column][\/vc_row][vc_row top_padding=&#8220;40&#8243; bottom_padding=&#8220;5&#8243; class=&#8220;ap-flip-columns&#8220;][vc_column column_center=&#8220;true&#8220; width=&#8220;1\/2&#8243;][\/vc_column][vc_column column_center=&#8220;true&#8220; width=&#8220;1\/2&#8243;][vc_column_text] Hausverwaltung Spezialisiert auf die Verwaltung von H\u00e4usern, welche an amerikanische Mitb\u00fcrger vermietet sind. Rundumbetreuung von Eigent\u00fcmern und Mietern in allen verwaltungstechnischen Angelegenheiten.\u00a0More[\/vc_column_text][\/vc_column][\/vc_row][vc_row bg_color=&#8220;#3d3d3d&#8220; text_align=&#8220;center&#8220; top_padding=&#8220;20&#8243; bottom_padding=&#8220;20&#8243;][vc_column width=&#8220;1\/3&#8243;][\/vc_column][vc_column width=&#8220;1\/3&#8243;][\/vc_column][vc_column width=&#8220;1\/3&#8243;][\/vc_column][\/vc_row][vc_row type=&#8220;full_width_section&#8220; top_padding=&#8220;50&#8243; bottom_padding=&#8220;80&#8243;][vc_column width=&#8220;1\/1&#8243;][rev_slider_vc alias=&#8220;home_philosophy&#8220;][\/vc_column][\/vc_row]","og_url":"https:\/\/www.mitchell-investment.com\/de\/","og_site_name":"Mitchell Consulting GmbH","article_modified_time":"2022-01-20T08:49:18+00:00","twitter_card":"summary_large_image","twitter_misc":{"Gesch\u00e4tzte Lesezeit":"1\u00a0Minute"},"schema":{"@context":"https:\/\/schema.org","@graph":[{"@type":"WebPage","@id":"https:\/\/www.mitchell-investment.com\/de\/","url":"https:\/\/www.mitchell-investment.com\/de\/","name":"Immobilien - Immobilienkauf und -verkauf, Immobilienverwaltung und Finanzierung in Deutschland - Mitchell Consulting GmbH","isPartOf":{"@id":"https:\/\/www.mitchell-investment.com\/#website"},"datePublished":"2020-11-06T12:50:36+00:00","dateModified":"2022-01-20T08:49:18+00:00","breadcrumb":{"@id":"https:\/\/www.mitchell-investment.com\/de\/#breadcrumb"},"inLanguage":"de","potentialAction":[{"@type":"ReadAction","target":["https:\/\/www.mitchell-investment.com\/de\/"]}]},{"@type":"BreadcrumbList","@id":"https:\/\/www.mitchell-investment.com\/de\/#breadcrumb","itemListElement":[{"@type":"ListItem","position":1,"name":"Home","item":"https:\/\/www.mitchell-investment.com\/de\/"},{"@type":"ListItem","position":2,"name":"Immobilien &#8211; Immobilienkauf und -verkauf, Immobilienverwaltung und Finanzierung in Deutschland"}]},{"@type":"WebSite","@id":"https:\/\/www.mitchell-investment.com\/#website","url":"https:\/\/www.mitchell-investment.com\/","name":"Mitchell Consulting GmbH","description":"","publisher":{"@id":"https:\/\/www.mitchell-investment.com\/#organization"},"potentialAction":[{"@type":"SearchAction","target":{"@type":"EntryPoint","urlTemplate":"https:\/\/www.mitchell-investment.com\/?s={search_term_string}"},"query-input":{"@type":"PropertyValueSpecification","valueRequired":true,"valueName":"search_term_string"}}],"inLanguage":"de"},{"@type":"Organization","@id":"https:\/\/www.mitchell-investment.com\/#organization","name":"Mitchell Consulting","url":"https:\/\/www.mitchell-investment.com\/","logo":{"@type":"ImageObject","inLanguage":"de","@id":"https:\/\/www.mitchell-investment.com\/#\/schema\/logo\/image\/","url":"https:\/\/www.mitchell-investment.com\/wp-content\/uploads\/2020\/11\/MitchellConsulting_Realtor_Finanzing_Sales_Ramstein_500.png","contentUrl":"https:\/\/www.mitchell-investment.com\/wp-content\/uploads\/2020\/11\/MitchellConsulting_Realtor_Finanzing_Sales_Ramstein_500.png","width":500,"height":124,"caption":"Mitchell Consulting"},"image":{"@id":"https:\/\/www.mitchell-investment.com\/#\/schema\/logo\/image\/"}}]}},"_links":{"self":[{"href":"https:\/\/www.mitchell-investment.com\/de\/wp-json\/wp\/v2\/pages\/15753","targetHints":{"allow":["GET"]}}],"collection":[{"href":"https:\/\/www.mitchell-investment.com\/de\/wp-json\/wp\/v2\/pages"}],"about":[{"href":"https:\/\/www.mitchell-investment.com\/de\/wp-json\/wp\/v2\/types\/page"}],"author":[{"embeddable":true,"href":"https:\/\/www.mitchell-investment.com\/de\/wp-json\/wp\/v2\/users\/1"}],"replies":[{"embeddable":true,"href":"https:\/\/www.mitchell-investment.com\/de\/wp-json\/wp\/v2\/comments?post=15753"}],"version-history":[{"count":0,"href":"https:\/\/www.mitchell-investment.com\/de\/wp-json\/wp\/v2\/pages\/15753\/revisions"}],"wp:attachment":[{"href":"https:\/\/www.mitchell-investment.com\/de\/wp-json\/wp\/v2\/media?parent=15753"}],"curies":[{"name":"wp","href":"https:\/\/api.w.org\/{rel}","templated":true}]}}