{"id":114303,"date":"2021-12-03T14:47:23","date_gmt":"2021-12-03T13:47:23","guid":{"rendered":"https:\/\/www.mitchell-investment.com\/gdpr-information-request\/"},"modified":"2021-12-03T19:34:02","modified_gmt":"2021-12-03T18:34:02","slug":"dsgvo-informationsanfrage","status":"publish","type":"page","link":"https:\/\/www.mitchell-investment.com\/de\/dsgvo-informationsanfrage\/","title":{"rendered":"DSGVO Informationsanfrage"},"content":{"rendered":"<section class=\"wpb-content-wrapper\"><p>[vc_row][vc_column][vc_column_text]<\/p>\n<h1>Informationsanfrage<\/h1>\n<div class=\"forminator-ui forminator-custom-form forminator-custom-form-15497 forminator-design--default  forminator_ajax\" data-forminator-render=\"0\" data-form=\"forminator-module-15497\" data-uid=\"6a03e6c256277\"><br\/><\/div><form\n\t\t\t\tid=\"forminator-module-15497\"\n\t\t\t\tclass=\"forminator-ui forminator-custom-form forminator-custom-form-15497 forminator-design--default  forminator_ajax\"\n\t\t\t\tmethod=\"post\"\n\t\t\t\tdata-forminator-render=\"0\"\n\t\t\t\tdata-form-id=\"15497\"\n\t\t\t\t data-color-option=\"default\" data-design=\"default\" data-grid=\"open\" style=\"display: none;\"\n\t\t\t\tdata-uid=\"6a03e6c256277\"\n\t\t\t><div role=\"alert\" aria-live=\"polite\" class=\"forminator-response-message forminator-error\" aria-hidden=\"true\"><\/div><div class=\"forminator-row\"><div id=\"name-1\" class=\"forminator-field-name forminator-col forminator-col-6 \"><div class=\"forminator-field\"><label for=\"forminator-field-name-1_6a03e6c256277\" id=\"forminator-field-name-1_6a03e6c256277-label\" class=\"forminator-label\">Vorname <span class=\"forminator-required\">*<\/span><\/label><input type=\"text\" name=\"name-1\" value=\"\" placeholder=\"\" id=\"forminator-field-name-1_6a03e6c256277\" class=\"forminator-input forminator-name--field\" aria-required=\"true\" autocomplete=\"name\" \/><\/div><\/div><div id=\"name-2\" class=\"forminator-field-name forminator-col forminator-col-6 \"><div class=\"forminator-field\"><label for=\"forminator-field-name-2_6a03e6c256277\" id=\"forminator-field-name-2_6a03e6c256277-label\" class=\"forminator-label\">Nachname <span class=\"forminator-required\">*<\/span><\/label><input type=\"text\" name=\"name-2\" value=\"\" placeholder=\"\" id=\"forminator-field-name-2_6a03e6c256277\" class=\"forminator-input forminator-name--field\" aria-required=\"true\" autocomplete=\"name\" \/><\/div><\/div><\/div><div class=\"forminator-row\"><div id=\"email-1\" class=\"forminator-field-email forminator-col forminator-col-12 \"><div class=\"forminator-field\"><label for=\"forminator-field-email-1_6a03e6c256277\" id=\"forminator-field-email-1_6a03e6c256277-label\" class=\"forminator-label\">Email Adresse <span class=\"forminator-required\">*<\/span><\/label><input type=\"email\" name=\"email-1\" value=\"\" placeholder=\"\" id=\"forminator-field-email-1_6a03e6c256277\" class=\"forminator-input forminator-email--field\" data-required=\"true\" aria-required=\"true\" autocomplete=\"email\" \/><\/div><\/div><\/div><div class=\"forminator-row\"><div id=\"checkbox-1\" class=\"forminator-field-checkbox forminator-col forminator-col-12 \"><div role=\"group\" class=\"forminator-field required\" aria-labelledby=\"forminator-checkbox-group-forminator-field-checkbox-1-6a03e6c256277-label\"><label id=\"forminator-field-checkbox-1-1-6a03e6c256277-label\" for=\"forminator-field-checkbox-1-1-6a03e6c256277\" class=\"forminator-checkbox\" title=\"Daten anzeigen\"><input type=\"checkbox\" name=\"checkbox-1[]\" value=\"one\" id=\"forminator-field-checkbox-1-1-6a03e6c256277\" aria-labelledby=\"forminator-field-checkbox-1-1-6a03e6c256277-label\" data-calculation=\"0\"  \/><span class=\"forminator-checkbox-box\" aria-hidden=\"true\"><\/span><span class=\"forminator-checkbox-label\">Daten anzeigen<\/span><\/label><label id=\"forminator-field-checkbox-1-2-6a03e6c256277-label\" for=\"forminator-field-checkbox-1-2-6a03e6c256277\" class=\"forminator-checkbox\" title=\"Daten korrigieren\"><input type=\"checkbox\" name=\"checkbox-1[]\" value=\"two\" id=\"forminator-field-checkbox-1-2-6a03e6c256277\" aria-labelledby=\"forminator-field-checkbox-1-2-6a03e6c256277-label\" data-calculation=\"0\"  \/><span class=\"forminator-checkbox-box\" aria-hidden=\"true\"><\/span><span class=\"forminator-checkbox-label\">Daten korrigieren<\/span><\/label><label id=\"forminator-field-checkbox-1-3-6a03e6c256277-label\" for=\"forminator-field-checkbox-1-3-6a03e6c256277\" class=\"forminator-checkbox\" title=\"Daten l\u00f6schen\"><input type=\"checkbox\" name=\"checkbox-1[]\" value=\"Daten l\u00f6schen\" id=\"forminator-field-checkbox-1-3-6a03e6c256277\" aria-labelledby=\"forminator-field-checkbox-1-3-6a03e6c256277-label\" data-calculation=\"0\"  \/><span class=\"forminator-checkbox-box\" aria-hidden=\"true\"><\/span><span class=\"forminator-checkbox-label\">Daten l\u00f6schen<\/span><\/label><label id=\"forminator-field-checkbox-1-4-6a03e6c256277-label\" for=\"forminator-field-checkbox-1-4-6a03e6c256277\" class=\"forminator-checkbox\" title=\"Daten herunterladen\"><input type=\"checkbox\" name=\"checkbox-1[]\" value=\"Daten herunterladen\" id=\"forminator-field-checkbox-1-4-6a03e6c256277\" aria-labelledby=\"forminator-field-checkbox-1-4-6a03e6c256277-label\" data-calculation=\"0\"  \/><span class=\"forminator-checkbox-box\" aria-hidden=\"true\"><\/span><span class=\"forminator-checkbox-label\">Daten herunterladen<\/span><\/label><\/div><\/div><\/div><div class=\"forminator-row\"><div id=\"textarea-1\" class=\"forminator-field-textarea forminator-col forminator-col-12 \"><div class=\"forminator-field\"><label for=\"forminator-field-textarea-1_6a03e6c256277\" id=\"forminator-field-textarea-1_6a03e6c256277-label\" class=\"forminator-label\">Nachricht<\/label><textarea name=\"textarea-1\" placeholder=\"\" id=\"forminator-field-textarea-1_6a03e6c256277\" class=\"forminator-textarea\" rows=\"6\" style=\"min-height:140px;\" ><\/textarea><span id=\"forminator-field-textarea-1_6a03e6c256277-description\" class=\"forminator-description\"><span data-limit=\"1000\" data-type=\"words\" data-editor=\"\">0 \/ 1000<\/span><\/span><\/div><\/div><\/div><div class=\"forminator-row\"><div id=\"gdprcheckbox-1\" class=\"forminator-field-gdprcheckbox forminator-col forminator-col-12 \"><div class=\"forminator-field\"><label for=\"forminator-field-gdprcheckbox-1_6a03e6c256277\" id=\"forminator-field-gdprcheckbox-1_6a03e6c256277-label\" class=\"forminator-label\">GSDVO <span class=\"forminator-required\">*<\/span><\/label><label for=\"forminator-field-gdprcheckbox-1_6a03e6c256277\" class=\"forminator-checkbox\"><input type=\"checkbox\" name=\"gdprcheckbox-1\" value=\"true\" id=\"forminator-field-gdprcheckbox-1_6a03e6c256277\" data-required=\"true\" aria-required=\"true\" \/><span class=\"forminator-checkbox-box\" aria-hidden=\"true\"><\/span><span class=\"forminator-checkbox-label\">Ich verstehe, dass die oben genannten Informationen verwendet werden, um die obige Anfrage zu bearbeiten. Ich verstehe, dass die oben genannten Informationen gespeichert werden, solange wir \u00fcber dieses Thema sprechen. Sie k\u00f6nnen diese Einwilligung jederzeit widerrufen, indem Sie uns einfach kontaktieren. Sie k\u00f6nnen mehr \u00fcber unsere Datenrichtlinien erfahren oder zus\u00e4tzliche Informationen \u00fcber unsere Datenschutzerkl\u00e4rung und Widerrufshinweise anfordern.<\/span><\/label><\/div><\/div><\/div><div class=\"forminator-row\"><div id=\"captcha-1\" class=\"forminator-field-captcha forminator-col forminator-col-12 \"><div class=\"forminator-captcha-left forminator-g-recaptcha\" data-theme=\"light\"  data-sitekey=\"6Lf4eXgUAAAAAP1uS7IuF7I96OPDnB49LJdSOB_G\" data-size=\"normal\"><\/div> <\/div><\/div><input type=\"hidden\" name=\"referer_url\" value=\"\" \/><div class=\"forminator-row forminator-row-last\"><div class=\"forminator-col\"><div class=\"forminator-field\"><button class=\"forminator-button forminator-button-submit\">Send Message<\/button><\/div><\/div><\/div><input type=\"hidden\" id=\"forminator_nonce\" name=\"forminator_nonce\" value=\"5526a7cf0a\" \/><input type=\"hidden\" name=\"_wp_http_referer\" value=\"\/de\/wp-json\/wp\/v2\/pages\/114303\" \/><input type=\"hidden\" name=\"form_id\" value=\"15497\"><input type=\"hidden\" name=\"page_id\" value=\"114303\"><input type=\"hidden\" name=\"form_type\" value=\"\"><input type=\"hidden\" name=\"current_url\" value=\"https:\/\/www.mitchell-investment.com\/de\/dsgvo-informationsanfrage\/\"><input type=\"hidden\" name=\"render_id\" value=\"0\"><input type=\"hidden\" name=\"action\" value=\"forminator_submit_form_custom-forms\"><\/form>[\/vc_column_text][\/vc_column][\/vc_row]<\/p>\n<\/section>","protected":false},"excerpt":{"rendered":"<p>[vc_row][vc_column][vc_column_text] Informationsanfrage [\/vc_column_text][\/vc_column][\/vc_row]<\/p>\n","protected":false},"author":31,"featured_media":0,"parent":0,"menu_order":0,"comment_status":"closed","ping_status":"closed","template":"","meta":{"_monsterinsights_skip_tracking":false,"_monsterinsights_sitenote_active":false,"_monsterinsights_sitenote_note":"","_monsterinsights_sitenote_category":0,"footnotes":""},"class_list":["post-114303","page","type-page","status-publish","hentry"],"yoast_head":"<!-- This site is optimized with the Yoast SEO plugin v27.0 - https:\/\/yoast.com\/product\/yoast-seo-wordpress\/ -->\n<title>DSGVO Informationsanfrage - Mitchell Consulting GmbH<\/title>\n<meta name=\"robots\" content=\"index, follow, max-snippet:-1, max-image-preview:large, max-video-preview:-1\" \/>\n<link rel=\"canonical\" href=\"https:\/\/www.mitchell-investment.com\/de\/dsgvo-informationsanfrage\/\" \/>\n<meta property=\"og:locale\" content=\"de_DE\" \/>\n<meta property=\"og:type\" content=\"article\" \/>\n<meta property=\"og:title\" content=\"DSGVO Informationsanfrage - Mitchell Consulting GmbH\" \/>\n<meta property=\"og:description\" content=\"[vc_row][vc_column][vc_column_text] Informationsanfrage [\/vc_column_text][\/vc_column][\/vc_row]\" \/>\n<meta property=\"og:url\" content=\"https:\/\/www.mitchell-investment.com\/de\/dsgvo-informationsanfrage\/\" \/>\n<meta property=\"og:site_name\" content=\"Mitchell Consulting GmbH\" \/>\n<meta property=\"article:modified_time\" content=\"2021-12-03T18:34:02+00:00\" \/>\n<meta name=\"twitter:card\" content=\"summary_large_image\" \/>\n<script type=\"application\/ld+json\" class=\"yoast-schema-graph\">{\"@context\":\"https:\/\/schema.org\",\"@graph\":[{\"@type\":\"WebPage\",\"@id\":\"https:\/\/www.mitchell-investment.com\/de\/dsgvo-informationsanfrage\/\",\"url\":\"https:\/\/www.mitchell-investment.com\/de\/dsgvo-informationsanfrage\/\",\"name\":\"DSGVO Informationsanfrage - Mitchell Consulting GmbH\",\"isPartOf\":{\"@id\":\"https:\/\/www.mitchell-investment.com\/#website\"},\"datePublished\":\"2021-12-03T13:47:23+00:00\",\"dateModified\":\"2021-12-03T18:34:02+00:00\",\"breadcrumb\":{\"@id\":\"https:\/\/www.mitchell-investment.com\/de\/dsgvo-informationsanfrage\/#breadcrumb\"},\"inLanguage\":\"de\",\"potentialAction\":[{\"@type\":\"ReadAction\",\"target\":[\"https:\/\/www.mitchell-investment.com\/de\/dsgvo-informationsanfrage\/\"]}]},{\"@type\":\"BreadcrumbList\",\"@id\":\"https:\/\/www.mitchell-investment.com\/de\/dsgvo-informationsanfrage\/#breadcrumb\",\"itemListElement\":[{\"@type\":\"ListItem\",\"position\":1,\"name\":\"Home\",\"item\":\"https:\/\/www.mitchell-investment.com\/de\/\"},{\"@type\":\"ListItem\",\"position\":2,\"name\":\"DSGVO Informationsanfrage\"}]},{\"@type\":\"WebSite\",\"@id\":\"https:\/\/www.mitchell-investment.com\/#website\",\"url\":\"https:\/\/www.mitchell-investment.com\/\",\"name\":\"Mitchell Consulting GmbH\",\"description\":\"\",\"publisher\":{\"@id\":\"https:\/\/www.mitchell-investment.com\/#organization\"},\"potentialAction\":[{\"@type\":\"SearchAction\",\"target\":{\"@type\":\"EntryPoint\",\"urlTemplate\":\"https:\/\/www.mitchell-investment.com\/?s={search_term_string}\"},\"query-input\":{\"@type\":\"PropertyValueSpecification\",\"valueRequired\":true,\"valueName\":\"search_term_string\"}}],\"inLanguage\":\"de\"},{\"@type\":\"Organization\",\"@id\":\"https:\/\/www.mitchell-investment.com\/#organization\",\"name\":\"Mitchell Consulting\",\"url\":\"https:\/\/www.mitchell-investment.com\/\",\"logo\":{\"@type\":\"ImageObject\",\"inLanguage\":\"de\",\"@id\":\"https:\/\/www.mitchell-investment.com\/#\/schema\/logo\/image\/\",\"url\":\"https:\/\/www.mitchell-investment.com\/wp-content\/uploads\/2020\/11\/MitchellConsulting_Realtor_Finanzing_Sales_Ramstein_500.png\",\"contentUrl\":\"https:\/\/www.mitchell-investment.com\/wp-content\/uploads\/2020\/11\/MitchellConsulting_Realtor_Finanzing_Sales_Ramstein_500.png\",\"width\":500,\"height\":124,\"caption\":\"Mitchell Consulting\"},\"image\":{\"@id\":\"https:\/\/www.mitchell-investment.com\/#\/schema\/logo\/image\/\"}}]}<\/script>\n<!-- \/ Yoast SEO plugin. -->","yoast_head_json":{"title":"DSGVO Informationsanfrage - Mitchell Consulting GmbH","robots":{"index":"index","follow":"follow","max-snippet":"max-snippet:-1","max-image-preview":"max-image-preview:large","max-video-preview":"max-video-preview:-1"},"canonical":"https:\/\/www.mitchell-investment.com\/de\/dsgvo-informationsanfrage\/","og_locale":"de_DE","og_type":"article","og_title":"DSGVO Informationsanfrage - Mitchell Consulting GmbH","og_description":"[vc_row][vc_column][vc_column_text] Informationsanfrage [\/vc_column_text][\/vc_column][\/vc_row]","og_url":"https:\/\/www.mitchell-investment.com\/de\/dsgvo-informationsanfrage\/","og_site_name":"Mitchell Consulting GmbH","article_modified_time":"2021-12-03T18:34:02+00:00","twitter_card":"summary_large_image","schema":{"@context":"https:\/\/schema.org","@graph":[{"@type":"WebPage","@id":"https:\/\/www.mitchell-investment.com\/de\/dsgvo-informationsanfrage\/","url":"https:\/\/www.mitchell-investment.com\/de\/dsgvo-informationsanfrage\/","name":"DSGVO Informationsanfrage - Mitchell Consulting GmbH","isPartOf":{"@id":"https:\/\/www.mitchell-investment.com\/#website"},"datePublished":"2021-12-03T13:47:23+00:00","dateModified":"2021-12-03T18:34:02+00:00","breadcrumb":{"@id":"https:\/\/www.mitchell-investment.com\/de\/dsgvo-informationsanfrage\/#breadcrumb"},"inLanguage":"de","potentialAction":[{"@type":"ReadAction","target":["https:\/\/www.mitchell-investment.com\/de\/dsgvo-informationsanfrage\/"]}]},{"@type":"BreadcrumbList","@id":"https:\/\/www.mitchell-investment.com\/de\/dsgvo-informationsanfrage\/#breadcrumb","itemListElement":[{"@type":"ListItem","position":1,"name":"Home","item":"https:\/\/www.mitchell-investment.com\/de\/"},{"@type":"ListItem","position":2,"name":"DSGVO Informationsanfrage"}]},{"@type":"WebSite","@id":"https:\/\/www.mitchell-investment.com\/#website","url":"https:\/\/www.mitchell-investment.com\/","name":"Mitchell Consulting GmbH","description":"","publisher":{"@id":"https:\/\/www.mitchell-investment.com\/#organization"},"potentialAction":[{"@type":"SearchAction","target":{"@type":"EntryPoint","urlTemplate":"https:\/\/www.mitchell-investment.com\/?s={search_term_string}"},"query-input":{"@type":"PropertyValueSpecification","valueRequired":true,"valueName":"search_term_string"}}],"inLanguage":"de"},{"@type":"Organization","@id":"https:\/\/www.mitchell-investment.com\/#organization","name":"Mitchell Consulting","url":"https:\/\/www.mitchell-investment.com\/","logo":{"@type":"ImageObject","inLanguage":"de","@id":"https:\/\/www.mitchell-investment.com\/#\/schema\/logo\/image\/","url":"https:\/\/www.mitchell-investment.com\/wp-content\/uploads\/2020\/11\/MitchellConsulting_Realtor_Finanzing_Sales_Ramstein_500.png","contentUrl":"https:\/\/www.mitchell-investment.com\/wp-content\/uploads\/2020\/11\/MitchellConsulting_Realtor_Finanzing_Sales_Ramstein_500.png","width":500,"height":124,"caption":"Mitchell Consulting"},"image":{"@id":"https:\/\/www.mitchell-investment.com\/#\/schema\/logo\/image\/"}}]}},"_links":{"self":[{"href":"https:\/\/www.mitchell-investment.com\/de\/wp-json\/wp\/v2\/pages\/114303","targetHints":{"allow":["GET"]}}],"collection":[{"href":"https:\/\/www.mitchell-investment.com\/de\/wp-json\/wp\/v2\/pages"}],"about":[{"href":"https:\/\/www.mitchell-investment.com\/de\/wp-json\/wp\/v2\/types\/page"}],"author":[{"embeddable":true,"href":"https:\/\/www.mitchell-investment.com\/de\/wp-json\/wp\/v2\/users\/31"}],"replies":[{"embeddable":true,"href":"https:\/\/www.mitchell-investment.com\/de\/wp-json\/wp\/v2\/comments?post=114303"}],"version-history":[{"count":0,"href":"https:\/\/www.mitchell-investment.com\/de\/wp-json\/wp\/v2\/pages\/114303\/revisions"}],"wp:attachment":[{"href":"https:\/\/www.mitchell-investment.com\/de\/wp-json\/wp\/v2\/media?parent=114303"}],"curies":[{"name":"wp","href":"https:\/\/api.w.org\/{rel}","templated":true}]}}